{"id":49,"date":"2020-03-08T14:13:14","date_gmt":"2020-03-08T14:13:14","guid":{"rendered":"http:\/\/new-ocean.com.vn\/\/?page_id=49"},"modified":"2024-10-17T14:12:18","modified_gmt":"2024-10-17T07:12:18","slug":"ve-chung-toi","status":"publish","type":"page","link":"https:\/\/new-ocean.com.vn\/en\/ve-chung-toi","title":{"rendered":"ABOUT NEW OCEAN"},"content":{"rendered":"<p>Founded in 2002, New Ocean is a distributor and comprehensive service provider of automation solutions (NOAS) and software technology (<a href=\"https:\/\/nois.vn\/\" data-type=\"link\" data-id=\"https:\/\/nois.vn\/\" target=\"_blank\" rel=\"noopener\">NOIS<\/a>), and digital transformation products for manufacturing (<a href=\"https:\/\/dxfac.com\/\" data-type=\"link\" data-id=\"https:\/\/dxfac.com\/\" target=\"_blank\" rel=\"noopener\">DxFAC<\/a>).<\/p>\n\n\n\n<p>New Ocean Automation System Co., Ltd. (New Ocean Automation System) is a leading provider of automation solutions for factories, machine manufacturers, and subcontractors in Vietnam and the Southeast Asia region.<\/p>\n\n\n\n<p>C\u00e1c gi\u1ea3i ph\u00e1p t\u01b0 v\u1ea5n &#8211; l\u1eafp \u0111\u1eb7t m\u00e0 ch\u00fang t\u00f4i cung c\u1ea5p h\u01b0\u1edbng \u0111\u1ebfn vi\u1ec7c gi\u1ea3i quy\u1ebft c\u00e1c v\u1ea5n \u0111\u1ec1 ph\u00e1t sinh, t\u1ed1i \u01b0u h\u00f3a quy tr\u00ecnh s\u1ea3n xu\u1ea5t, qu\u1ea3n l\u00ed kho h\u00e0ng hi\u1ec7u qu\u1ea3, s\u1eed d\u1ee5ng c\u00e1c ngu\u1ed3n l\u1ef1c h\u1ee3p l\u00ed v\u00e0 n\u00e2ng cao ch\u1ea5t l\u01b0\u1ee3ng th\u00e0nh ph\u1ea9m. T\u1eeb \u0111\u00f3, c\u00e1c nh\u00e0 m\u00e1y, \u0111\u01a1n v\u1ecb ch\u1ebf t\u1ea1o m\u00e1y v\u00e0 nh\u00e0 th\u1ea7u ph\u1ee5 c\u00f3 th\u1ec3 t\u1eebng b\u01b0\u1edbc n\u00e2ng cao n\u0103ng su\u1ea5t, \u0111\u1ed3ng th\u1eddi ph\u00e1t tri\u1ec3n m\u1ee5c ti\u00eau kinh doanh d\u00e0i h\u1ea1n!<\/p>","protected":false},"excerpt":{"rendered":"<p>Th\u00e0nh l\u1eadp v\u00e0o n\u0103m 2002, New Ocean l\u00e0 nh\u00e0 ph\u00e2n ph\u1ed1i v\u00e0 cung c\u1ea5p c\u00e1c d\u1ecbch v\u1ee5 to\u00e0n di\u1ec7n v\u1ec1 gi\u1ea3i ph\u00e1p t\u1ef1 \u0111\u1ed9ng h\u00f3a (NOAS), c\u00f4ng ngh\u1ec7 ph\u1ea7n m\u1ec1m (NOIS), s\u1ea3n ph\u1ea9m chuy\u1ec3n \u0111\u1ed5i s\u1ed1 s\u1ea3n xu\u1ea5t (DxFAC). Trong \u0111\u00f3, c\u00f4ng ty TNHH H\u1ec7 th\u1ed1ng T\u1ef1 \u0111\u1ed9ng \u0110\u1ea1i D\u01b0\u01a1ng M\u1edbi (New Ocean Automation System)&#8230;<a class=\"read-more\" href=\"https:\/\/new-ocean.com.vn\/en\/ve-chung-toi\">Read More<\/a><\/p>","protected":false},"author":1,"featured_media":59,"parent":0,"menu_order":0,"comment_status":"closed","ping_status":"closed","template":"templates\/about.php","meta":{"_acf_changed":false,"footnotes":""},"class_list":["post-49","page","type-page","status-publish","has-post-thumbnail","hentry"],"acf":[],"_links":{"self":[{"href":"https:\/\/new-ocean.com.vn\/en\/wp-json\/wp\/v2\/pages\/49","targetHints":{"allow":["GET"]}}],"collection":[{"href":"https:\/\/new-ocean.com.vn\/en\/wp-json\/wp\/v2\/pages"}],"about":[{"href":"https:\/\/new-ocean.com.vn\/en\/wp-json\/wp\/v2\/types\/page"}],"author":[{"embeddable":true,"href":"https:\/\/new-ocean.com.vn\/en\/wp-json\/wp\/v2\/users\/1"}],"replies":[{"embeddable":true,"href":"https:\/\/new-ocean.com.vn\/en\/wp-json\/wp\/v2\/comments?post=49"}],"version-history":[{"count":9,"href":"https:\/\/new-ocean.com.vn\/en\/wp-json\/wp\/v2\/pages\/49\/revisions"}],"predecessor-version":[{"id":3438,"href":"https:\/\/new-ocean.com.vn\/en\/wp-json\/wp\/v2\/pages\/49\/revisions\/3438"}],"wp:featuredmedia":[{"embeddable":true,"href":"https:\/\/new-ocean.com.vn\/en\/wp-json\/wp\/v2\/media\/59"}],"wp:attachment":[{"href":"https:\/\/new-ocean.com.vn\/en\/wp-json\/wp\/v2\/media?parent=49"}],"curies":[{"name":"wp","href":"https:\/\/api.w.org\/{rel}","templated":true}]}}